{"id":239,"date":"2025-05-13T12:07:21","date_gmt":"2025-05-13T12:07:21","guid":{"rendered":"https:\/\/optima365.eu\/?page_id=239"},"modified":"2025-07-26T12:18:21","modified_gmt":"2025-07-26T12:18:21","slug":"o-nas","status":"publish","type":"page","link":"https:\/\/optima365.eu\/en\/o-nas\/","title":{"rendered":"About Us"},"content":{"rendered":"<div data-elementor-type=\"wp-page\" data-elementor-id=\"239\" class=\"elementor elementor-239\">\n\t\t\t\t\t\t<section class=\"elementor-section elementor-top-section elementor-element elementor-element-7d25e53 elementor-section-height-min-height elementor-section-boxed elementor-section-height-default elementor-section-items-middle\" data-id=\"7d25e53\" data-element_type=\"section\" data-e-type=\"section\" data-settings=\"{&quot;background_background&quot;:&quot;classic&quot;}\">\n\t\t\t\t\t\t<div class=\"elementor-container elementor-column-gap-default\">\n\t\t\t\t\t<div class=\"elementor-column elementor-col-100 elementor-top-column elementor-element elementor-element-de12873\" data-id=\"de12873\" data-element_type=\"column\" data-e-type=\"column\">\n\t\t\t<div class=\"elementor-widget-wrap elementor-element-populated\">\n\t\t\t\t\t\t<div class=\"elementor-element elementor-element-8e22ee5 elementor-widget elementor-widget-heading\" data-id=\"8e22ee5\" data-element_type=\"widget\" data-e-type=\"widget\" data-widget_type=\"heading.default\">\n\t\t\t\t<div class=\"elementor-widget-container\">\n\t\t\t\t\t<h1 class=\"elementor-heading-title elementor-size-default\">About Us<\/h1>\t\t\t\t<\/div>\n\t\t\t\t<\/div>\n\t\t\t\t<div class=\"elementor-element elementor-element-f4540d4 elementor-widget elementor-widget-hfe-breadcrumbs-widget\" data-id=\"f4540d4\" data-element_type=\"widget\" data-e-type=\"widget\" data-widget_type=\"hfe-breadcrumbs-widget.default\">\n\t\t\t\t<div class=\"elementor-widget-container\">\n\t\t\t\t\t<nav aria-label=\"Breadcrumb\"><ul class=\"hfe-breadcrumbs hfe-breadcrumbs-show-home\"><li class=\"hfe-breadcrumbs-item hfe-breadcrumbs-first\"><span class=\"hfe-breadcrumbs-home-icon\"><i aria-hidden=\"true\" class=\"fas fa-home\"><\/i><\/span><a href=\"https:\/\/optima365.eu\/en\"><span class=\"hfe-breadcrumbs-text\">Home<\/span><\/a><\/li><\/ul><\/nav>\t\t\t\t<\/div>\n\t\t\t\t<\/div>\n\t\t\t\t\t<\/div>\n\t\t<\/div>\n\t\t\t\t\t<\/div>\n\t\t<\/section>\n\t\t\t\t<section class=\"elementor-section elementor-top-section elementor-element elementor-element-2a25e30 elementor-section-boxed elementor-section-height-default elementor-section-height-default\" data-id=\"2a25e30\" data-element_type=\"section\" data-e-type=\"section\">\n\t\t\t\t\t\t<div class=\"elementor-container elementor-column-gap-default\">\n\t\t\t\t\t<div class=\"elementor-column elementor-col-100 elementor-top-column elementor-element elementor-element-4d5f5e6\" data-id=\"4d5f5e6\" data-element_type=\"column\" data-e-type=\"column\">\n\t\t\t<div class=\"elementor-widget-wrap elementor-element-populated\">\n\t\t\t\t\t\t<div class=\"elementor-element elementor-element-5f85067 elementor-widget elementor-widget-heading\" data-id=\"5f85067\" data-element_type=\"widget\" data-e-type=\"widget\" data-widget_type=\"heading.default\">\n\t\t\t\t<div class=\"elementor-widget-container\">\n\t\t\t\t\t<h2 class=\"elementor-heading-title elementor-size-default\">Legal and safe employment<\/h2>\t\t\t\t<\/div>\n\t\t\t\t<\/div>\n\t\t\t\t<div class=\"elementor-element elementor-element-590b9c9 elementor-widget elementor-widget-heading\" data-id=\"590b9c9\" data-element_type=\"widget\" data-e-type=\"widget\" data-widget_type=\"heading.default\">\n\t\t\t\t<div class=\"elementor-widget-container\">\n\t\t\t\t\t<h3 class=\"elementor-heading-title elementor-size-default\">Odkryj sprawdzone oferty pracy w Polsce i za granic\u0105, kt\u00f3re gwarantuj\u0105 bezpiecze\u0144stwo i legalne zatrudnienie.\nU nas mo\u017cesz liczy\u0107 na stabilne warunki i wsparcie na ka\u017cdym etapie.<\/h3>\t\t\t\t<\/div>\n\t\t\t\t<\/div>\n\t\t\t\t\t<\/div>\n\t\t<\/div>\n\t\t\t\t\t<\/div>\n\t\t<\/section>\n\t\t\t\t<section class=\"elementor-section elementor-top-section elementor-element elementor-element-c674ae3 elementor-section-boxed elementor-section-height-default elementor-section-height-default\" data-id=\"c674ae3\" data-element_type=\"section\" data-e-type=\"section\" data-settings=\"{&quot;background_background&quot;:&quot;classic&quot;}\">\n\t\t\t\t\t\t<div class=\"elementor-container elementor-column-gap-default\">\n\t\t\t\t\t<div class=\"elementor-column elementor-col-100 elementor-top-column elementor-element elementor-element-e80a5d5\" data-id=\"e80a5d5\" data-element_type=\"column\" data-e-type=\"column\">\n\t\t\t<div class=\"elementor-widget-wrap elementor-element-populated\">\n\t\t\t\t\t\t<div class=\"elementor-element elementor-element-8e3fd66 elementor-widget elementor-widget-image\" data-id=\"8e3fd66\" data-element_type=\"widget\" data-e-type=\"widget\" data-widget_type=\"image.default\">\n\t\t\t\t<div class=\"elementor-widget-container\">\n\t\t\t\t\t\t\t\t\t\t\t\t\t\t\t<img decoding=\"async\" width=\"300\" height=\"63\" src=\"https:\/\/optima365.eu\/wp-content\/uploads\/2025\/05\/logo-300x63.webp\" class=\"attachment-medium size-medium wp-image-56\" alt=\"\" srcset=\"https:\/\/optima365.eu\/wp-content\/uploads\/2025\/05\/logo-300x63.webp 300w, https:\/\/optima365.eu\/wp-content\/uploads\/2025\/05\/logo-1024x214.webp 1024w, https:\/\/optima365.eu\/wp-content\/uploads\/2025\/05\/logo-768x160.webp 768w, https:\/\/optima365.eu\/wp-content\/uploads\/2025\/05\/logo-1536x321.webp 1536w, https:\/\/optima365.eu\/wp-content\/uploads\/2025\/05\/logo.webp 2012w\" sizes=\"(max-width: 300px) 100vw, 300px\" \/>\t\t\t\t\t\t\t\t\t\t\t\t\t\t\t<\/div>\n\t\t\t\t<\/div>\n\t\t\t\t<div class=\"elementor-element elementor-element-3ea04bc elementor-widget-divider--view-line elementor-widget elementor-widget-divider\" data-id=\"3ea04bc\" data-element_type=\"widget\" data-e-type=\"widget\" data-widget_type=\"divider.default\">\n\t\t\t\t<div class=\"elementor-widget-container\">\n\t\t\t\t\t\t\t<div class=\"elementor-divider\">\n\t\t\t<span class=\"elementor-divider-separator\">\n\t\t\t\t\t\t<\/span>\n\t\t<\/div>\n\t\t\t\t\t\t<\/div>\n\t\t\t\t<\/div>\n\t\t\t\t<div class=\"elementor-element elementor-element-3e13857 elementor-widget elementor-widget-text-editor\" data-id=\"3e13857\" data-element_type=\"widget\" data-e-type=\"widget\" data-widget_type=\"text-editor.default\">\n\t\t\t\t<div class=\"elementor-widget-container\">\n\t\t\t\t\t\t\t\t\t<p><strong>About Us<\/strong><\/p><p><strong>Optima365<\/strong> to nowoczesne biuro po\u015brednictwa pracy, kt\u00f3re \u0142\u0105czy zaanga\u017cowanie, do\u015bwiadczenie i elastyczno\u015b\u0107 w dzia\u0142aniu \u2013 przez 365 dni w roku. Nasz\u0105 misj\u0105 jest skuteczne wspieranie pracodawc\u00f3w w znajdowaniu idealnych kandydat\u00f3w oraz pomoc osobom poszukuj\u0105cym pracy w odnalezieniu najlepszego miejsca do rozwoju zawodowego.<\/p><p>Dzia\u0142amy z pasj\u0105 i pe\u0142nym zrozumieniem dynamicznych potrzeb rynku pracy. Oferujemy kompleksow\u0105 obs\u0142ug\u0119 w zakresie rekrutacji sta\u0142ej jak i tymczasowej, dostosowuj\u0105c rozwi\u0105zania do indywidualnych oczekiwa\u0144 naszych klient\u00f3w i kandydat\u00f3w.<\/p><p>Dlaczego warto wybra\u0107 <strong>Optima365<\/strong>?<\/p><ul><li>Stawiamy na <strong>jako\u015b\u0107, nie ilo\u015b\u0107<\/strong> \u2013 ka\u017cde zlecenie traktujemy indywidualnie.<\/li><li>Budujemy <strong>trwa\u0142e relacje<\/strong>, oparte na zaufaniu i profesjonalizmie.<\/li><li>Dzia\u0142amy <strong>sprawnie i transparentnie<\/strong> \u2013 od pierwszego kontaktu po finalizacj\u0119 wsp\u00f3\u0142pracy.<\/li><li>Jeste\u015bmy dost\u0119pni <strong>przez ca\u0142y rok<\/strong>, bo wiemy, \u017ce potrzeby rekrutacyjne nie maj\u0105 kalendarza.<\/li><\/ul><p>Zesp\u00f3\u0142 <strong>Optima365<\/strong> to specjali\u015bci z do\u015bwiadczeniem w HR, rekrutacji i doradztwie personalnym. Dzi\u0119ki temu skutecznie \u0142\u0105czymy firmy z warto\u015bciowymi pracownikami, tworz\u0105c solidne fundamenty do wsp\u00f3lnego sukcesu.<\/p><p>Zapraszamy do wsp\u00f3\u0142pracy!<br \/>Tw\u00f3rzmy razem optymalne rozwi\u0105zania dla Twojego biznesu i kariery.<\/p>\t\t\t\t\t\t\t\t<\/div>\n\t\t\t\t<\/div>\n\t\t\t\t\t<\/div>\n\t\t<\/div>\n\t\t\t\t\t<\/div>\n\t\t<\/section>\n\t\t\t\t<section class=\"elementor-section elementor-top-section elementor-element elementor-element-74b6811 elementor-section-boxed elementor-section-height-default elementor-section-height-default\" data-id=\"74b6811\" data-element_type=\"section\" data-e-type=\"section\">\n\t\t\t\t\t\t<div class=\"elementor-container elementor-column-gap-default\">\n\t\t\t\t\t<div class=\"elementor-column elementor-col-25 elementor-top-column elementor-element elementor-element-e0f3dfd\" data-id=\"e0f3dfd\" data-element_type=\"column\" data-e-type=\"column\">\n\t\t\t<div class=\"elementor-widget-wrap elementor-element-populated\">\n\t\t\t\t\t\t<div class=\"elementor-element elementor-element-6898a5f elementor-position-inline-start elementor-view-default elementor-mobile-position-block-start elementor-widget elementor-widget-icon-box\" data-id=\"6898a5f\" data-element_type=\"widget\" data-e-type=\"widget\" data-widget_type=\"icon-box.default\">\n\t\t\t\t<div class=\"elementor-widget-container\">\n\t\t\t\t\t\t\t<div class=\"elementor-icon-box-wrapper\">\n\n\t\t\t\t\t\t<div class=\"elementor-icon-box-icon\">\n\t\t\t\t<span  class=\"elementor-icon\">\n\t\t\t\t<i aria-hidden=\"true\" class=\"fas fa-university\"><\/i>\t\t\t\t<\/span>\n\t\t\t<\/div>\n\t\t\t\n\t\t\t\t\t\t<div class=\"elementor-icon-box-content\">\n\n\t\t\t\t\t\t\t\t\t<h3 class=\"elementor-icon-box-title\">\n\t\t\t\t\t\t<span  >\n\t\t\t\t\t\t\tLegal\nemployment<br>abroad\t\t\t\t\t\t<\/span>\n\t\t\t\t\t<\/h3>\n\t\t\t\t\n\t\t\t\t\n\t\t\t<\/div>\n\t\t\t\n\t\t<\/div>\n\t\t\t\t\t\t<\/div>\n\t\t\t\t<\/div>\n\t\t\t\t\t<\/div>\n\t\t<\/div>\n\t\t\t\t<div class=\"elementor-column elementor-col-25 elementor-top-column elementor-element elementor-element-582245a\" data-id=\"582245a\" data-element_type=\"column\" data-e-type=\"column\">\n\t\t\t<div class=\"elementor-widget-wrap elementor-element-populated\">\n\t\t\t\t\t\t<div class=\"elementor-element elementor-element-69497eb elementor-position-inline-start elementor-view-default elementor-mobile-position-block-start elementor-widget elementor-widget-icon-box\" data-id=\"69497eb\" data-element_type=\"widget\" data-e-type=\"widget\" data-widget_type=\"icon-box.default\">\n\t\t\t\t<div class=\"elementor-widget-container\">\n\t\t\t\t\t\t\t<div class=\"elementor-icon-box-wrapper\">\n\n\t\t\t\t\t\t<div class=\"elementor-icon-box-icon\">\n\t\t\t\t<span  class=\"elementor-icon\">\n\t\t\t\t<i aria-hidden=\"true\" class=\"far fa-user\"><\/i>\t\t\t\t<\/span>\n\t\t\t<\/div>\n\t\t\t\n\t\t\t\t\t\t<div class=\"elementor-icon-box-content\">\n\n\t\t\t\t\t\t\t\t\t<h3 class=\"elementor-icon-box-title\">\n\t\t\t\t\t\t<span  >\n\t\t\t\t\t\t\tWsparcie dedykowanego koordynatora\t\t\t\t\t\t<\/span>\n\t\t\t\t\t<\/h3>\n\t\t\t\t\n\t\t\t\t\n\t\t\t<\/div>\n\t\t\t\n\t\t<\/div>\n\t\t\t\t\t\t<\/div>\n\t\t\t\t<\/div>\n\t\t\t\t\t<\/div>\n\t\t<\/div>\n\t\t\t\t<div class=\"elementor-column elementor-col-25 elementor-top-column elementor-element elementor-element-137f5e4\" data-id=\"137f5e4\" data-element_type=\"column\" data-e-type=\"column\">\n\t\t\t<div class=\"elementor-widget-wrap elementor-element-populated\">\n\t\t\t\t\t\t<div class=\"elementor-element elementor-element-c533377 elementor-position-inline-start elementor-view-default elementor-mobile-position-block-start elementor-widget elementor-widget-icon-box\" data-id=\"c533377\" data-element_type=\"widget\" data-e-type=\"widget\" data-widget_type=\"icon-box.default\">\n\t\t\t\t<div class=\"elementor-widget-container\">\n\t\t\t\t\t\t\t<div class=\"elementor-icon-box-wrapper\">\n\n\t\t\t\t\t\t<div class=\"elementor-icon-box-icon\">\n\t\t\t\t<span  class=\"elementor-icon\">\n\t\t\t\t<i aria-hidden=\"true\" class=\"far fa-check-circle\"><\/i>\t\t\t\t<\/span>\n\t\t\t<\/div>\n\t\t\t\n\t\t\t\t\t\t<div class=\"elementor-icon-box-content\">\n\n\t\t\t\t\t\t\t\t\t<h3 class=\"elementor-icon-box-title\">\n\t\t\t\t\t\t<span  >\n\t\t\t\t\t\t\tVerified and good <br>job offers\t\t\t\t\t\t<\/span>\n\t\t\t\t\t<\/h3>\n\t\t\t\t\n\t\t\t\t\n\t\t\t<\/div>\n\t\t\t\n\t\t<\/div>\n\t\t\t\t\t\t<\/div>\n\t\t\t\t<\/div>\n\t\t\t\t\t<\/div>\n\t\t<\/div>\n\t\t\t\t<div class=\"elementor-column elementor-col-25 elementor-top-column elementor-element elementor-element-adb0b8f\" data-id=\"adb0b8f\" data-element_type=\"column\" data-e-type=\"column\">\n\t\t\t<div class=\"elementor-widget-wrap elementor-element-populated\">\n\t\t\t\t\t\t<div class=\"elementor-element elementor-element-5843c46 elementor-position-inline-start elementor-view-default elementor-mobile-position-block-start elementor-widget elementor-widget-icon-box\" data-id=\"5843c46\" data-element_type=\"widget\" data-e-type=\"widget\" data-widget_type=\"icon-box.default\">\n\t\t\t\t<div class=\"elementor-widget-container\">\n\t\t\t\t\t\t\t<div class=\"elementor-icon-box-wrapper\">\n\n\t\t\t\t\t\t<div class=\"elementor-icon-box-icon\">\n\t\t\t\t<span  class=\"elementor-icon\">\n\t\t\t\t<i aria-hidden=\"true\" class=\"fas fa-shield-alt\"><\/i>\t\t\t\t<\/span>\n\t\t\t<\/div>\n\t\t\t\n\t\t\t\t\t\t<div class=\"elementor-icon-box-content\">\n\n\t\t\t\t\t\t\t\t\t<h3 class=\"elementor-icon-box-title\">\n\t\t\t\t\t\t<span  >\n\t\t\t\t\t\t\tLegally<br>and safely\t\t\t\t\t\t<\/span>\n\t\t\t\t\t<\/h3>\n\t\t\t\t\n\t\t\t\t\n\t\t\t<\/div>\n\t\t\t\n\t\t<\/div>\n\t\t\t\t\t\t<\/div>\n\t\t\t\t<\/div>\n\t\t\t\t\t<\/div>\n\t\t<\/div>\n\t\t\t\t\t<\/div>\n\t\t<\/section>\n\t\t\t\t<section class=\"elementor-section elementor-top-section elementor-element elementor-element-c65e4a1 elementor-section-boxed elementor-section-height-default elementor-section-height-default\" data-id=\"c65e4a1\" data-element_type=\"section\" data-e-type=\"section\" data-settings=\"{&quot;background_background&quot;:&quot;classic&quot;}\">\n\t\t\t\t\t\t<div class=\"elementor-container elementor-column-gap-default\">\n\t\t\t\t\t<div class=\"elementor-column elementor-col-100 elementor-top-column elementor-element elementor-element-f03451a\" data-id=\"f03451a\" data-element_type=\"column\" data-e-type=\"column\">\n\t\t\t<div class=\"elementor-widget-wrap elementor-element-populated\">\n\t\t\t\t\t\t<div class=\"elementor-element elementor-element-7448b25 elementor-widget-divider--view-line elementor-widget elementor-widget-divider\" data-id=\"7448b25\" data-element_type=\"widget\" data-e-type=\"widget\" data-widget_type=\"divider.default\">\n\t\t\t\t<div class=\"elementor-widget-container\">\n\t\t\t\t\t\t\t<div class=\"elementor-divider\">\n\t\t\t<span class=\"elementor-divider-separator\">\n\t\t\t\t\t\t<\/span>\n\t\t<\/div>\n\t\t\t\t\t\t<\/div>\n\t\t\t\t<\/div>\n\t\t\t\t<div class=\"elementor-element elementor-element-2b3cf23 elementor-widget elementor-widget-heading\" data-id=\"2b3cf23\" data-element_type=\"widget\" data-e-type=\"widget\" data-widget_type=\"heading.default\">\n\t\t\t\t<div class=\"elementor-widget-container\">\n\t\t\t\t\t<h2 class=\"elementor-heading-title elementor-size-default\">Latest job offers<\/h2>\t\t\t\t<\/div>\n\t\t\t\t<\/div>\n\t\t\t\t<div class=\"elementor-element elementor-element-becf9ac elementor-grid-eael-col-3 elementor-grid-tablet-eael-col-2 elementor-grid-mobile-eael-col-1 elementor-widget elementor-widget-eael-post-grid\" data-id=\"becf9ac\" data-element_type=\"widget\" data-e-type=\"widget\" data-settings=\"{&quot;eael_post_grid_columns&quot;:&quot;eael-col-3&quot;,&quot;eael_post_grid_columns_tablet&quot;:&quot;eael-col-2&quot;,&quot;eael_post_grid_columns_mobile&quot;:&quot;eael-col-1&quot;}\" data-widget_type=\"eael-post-grid.default\">\n\t\t\t\t<div class=\"elementor-widget-container\">\n\t\t\t\t\t<div id=\"eael-post-grid-becf9ac\" class=\"eael-post-grid-container\">\n            <div class=\"eael-post-grid eael-post-appender eael-post-appender-becf9ac eael-post-grid-style-one\" data-layout-mode=\"masonry\"><article class=\"eael-grid-post eael-post-grid-column\" data-id=\"579\">\n        <div class=\"eael-grid-post-holder\">\n            <div class=\"eael-grid-post-holder-inner\"><div class=\"eael-entry-wrapper\"><header class=\"eael-entry-header\"><h2 class=\"eael-entry-title\"><a\n                        class=\"eael-grid-post-link\"\n                        href=\"https:\/\/optima365.eu\/en\/kierowca-kat-c-ce-w-holandii-rozne-lokalizacje\/\"\n                        title=\"Kierowca kat. C\/CE w Holandii. R\u00f3\u017cne lokalizacje.\">Kierowca kat. C\/CE w Holandii. R\u00f3\u017cne lokalizacje.<\/a><\/h2><\/header>\n\t<div style=\"font-size:12px;color:#555;border-top:1px solid #eee;border-bottom:1px solid #eee !important;margin-bottom:10px;padding:10px 0px;\">\n\t\t<div style=\"display:block;float:left;width:40%;text-align:center;\">\n\t\t<i class=\"fa fa-map-marker\" style=\"color:#D5101C\"><\/i>&nbsp; Ca\u0142a Holandia  \n\t\t<\/div>\n\t\t<div style=\"display:block;float:left;width:30%;text-align:center;\">\n\t\t<i class=\"fa fa-home\" style=\"color:#D5101C\"><\/i> &nbsp;Yes \n\t\t<\/div>\n\t\t<div style=\"display:block;float:left;width:30%;text-align:center;\">\n\t\t<i class=\"fa fa-money\" style=\"color:#D5101C\"><\/i> &nbsp; \u20ac1000-1200e netto\/tyg.\n\t\t<\/div>\n\t\t<div style=\"clear:both;\"><\/div>\n\t<\/div>\n\t<div class=\"eael-entry-content\">\n                        <div class=\"eael-grid-post-excerpt\"><p>Szukamy kierowc\u00f3w kat. C lub CE do pracy w Holandii. Praca w dystrybucjach sklepowych\/gastronomicznych (Lidl, Albert Hijn, Sligro, Action). Du\u017ca ilo\u015bc godzin. Oferujemy: Holendersk\u0105<\/p><a href=\"https:\/\/optima365.eu\/en\/kierowca-kat-c-ce-w-holandii-rozne-lokalizacje\/\" class=\"eael-post-elements-readmore-btn\">Show offer<\/a><\/div>\n                    <\/div><\/div><\/div>\n        <\/div>\n    <\/article><article class=\"eael-grid-post eael-post-grid-column\" data-id=\"115\">\n        <div class=\"eael-grid-post-holder\">\n            <div class=\"eael-grid-post-holder-inner\"><div class=\"eael-entry-wrapper\"><header class=\"eael-entry-header\"><h2 class=\"eael-entry-title\"><a\n                        class=\"eael-grid-post-link\"\n                        href=\"https:\/\/optima365.eu\/en\/customer-service-medewerker-2\/\"\n                        title=\"Spawacz Mig\/Mag\">Spawacz Mig\/Mag<\/a><\/h2><\/header>\n\t<div style=\"font-size:12px;color:#555;border-top:1px solid #eee;border-bottom:1px solid #eee !important;margin-bottom:10px;padding:10px 0px;\">\n\t\t<div style=\"display:block;float:left;width:40%;text-align:center;\">\n\t\t<i class=\"fa fa-map-marker\" style=\"color:#D5101C\"><\/i>&nbsp; NL: R\u00f3\u017cne lokalizacje  \n\t\t<\/div>\n\t\t<div style=\"display:block;float:left;width:30%;text-align:center;\">\n\t\t<i class=\"fa fa-home\" style=\"color:#D5101C\"><\/i> &nbsp;Yes \n\t\t<\/div>\n\t\t<div style=\"display:block;float:left;width:30%;text-align:center;\">\n\t\t<i class=\"fa fa-money\" style=\"color:#D5101C\"><\/i> &nbsp; \u20ac2600-2700 netto\/msc\n\t\t<\/div>\n\t\t<div style=\"clear:both;\"><\/div>\n\t<\/div>\n\t<div class=\"eael-entry-content\">\n                        <div class=\"eael-grid-post-excerpt\"><p>Oferta pracy dla spawacza Mig\/Mag Ilo\u015b\u0107 wakat\u00f3w: 10 Praca 3 zmianowa od poniedzia\u0142ku do pi\u0105tku Wymagania: Wa\u017cny certifikat 135\/136\/138 Do\u015bwiadczenie minimum 2 lata Znajomo\u015b\u0107<\/p><a href=\"https:\/\/optima365.eu\/en\/customer-service-medewerker-2\/\" class=\"eael-post-elements-readmore-btn\">Show offer<\/a><\/div>\n                    <\/div><\/div><\/div>\n        <\/div>\n    <\/article><article class=\"eael-grid-post eael-post-grid-column\" data-id=\"116\">\n        <div class=\"eael-grid-post-holder\">\n            <div class=\"eael-grid-post-holder-inner\"><div class=\"eael-entry-wrapper\"><header class=\"eael-entry-header\"><h2 class=\"eael-entry-title\"><a\n                        class=\"eael-grid-post-link\"\n                        href=\"https:\/\/optima365.eu\/en\/customer-service-medewerker\/\"\n                        title=\"Mechanik samochod\u00f3w osobowych\">Mechanik samochod\u00f3w osobowych<\/a><\/h2><\/header>\n\t<div style=\"font-size:12px;color:#555;border-top:1px solid #eee;border-bottom:1px solid #eee !important;margin-bottom:10px;padding:10px 0px;\">\n\t\t<div style=\"display:block;float:left;width:40%;text-align:center;\">\n\t\t<i class=\"fa fa-map-marker\" style=\"color:#D5101C\"><\/i>&nbsp; Ca\u0142a Holandia  \n\t\t<\/div>\n\t\t<div style=\"display:block;float:left;width:30%;text-align:center;\">\n\t\t<i class=\"fa fa-home\" style=\"color:#D5101C\"><\/i> &nbsp;Yes \n\t\t<\/div>\n\t\t<div style=\"display:block;float:left;width:30%;text-align:center;\">\n\t\t<i class=\"fa fa-money\" style=\"color:#D5101C\"><\/i> &nbsp; \u20ac600-700 netto tygodniowo\n\t\t<\/div>\n\t\t<div style=\"clear:both;\"><\/div>\n\t<\/div>\n\t<div class=\"eael-entry-content\">\n                        <div class=\"eael-grid-post-excerpt\"><p>Praca w Holandii lub w Niemczech dla mechanik\u00f3w samochodowych z do\u015bwiadczeniem Wymagania: Do\u015bwiadczenie min. 4 lata Conajmniej komunikatywna znajomo\u015b\u0107 j\u0119zyka angielskiego, niemieckiego lub holenderskiego<\/p><a href=\"https:\/\/optima365.eu\/en\/customer-service-medewerker\/\" class=\"eael-post-elements-readmore-btn\">Show offer<\/a><\/div>\n                    <\/div><\/div><\/div>\n        <\/div>\n    <\/article><\/div>\n            <div class=\"clearfix\"><\/div>\n        <\/div>\t\t\t\t<\/div>\n\t\t\t\t<\/div>\n\t\t\t\t\t<\/div>\n\t\t<\/div>\n\t\t\t\t\t<\/div>\n\t\t<\/section>\n\t\t\t\t<\/div>","protected":false},"excerpt":{"rendered":"<p>O nas Home Legalne i bezpieczne zatrudnienie Odkryj sprawdzone oferty pracy w Polsce i za granic\u0105, kt\u00f3re gwarantuj\u0105 bezpiecze\u0144stwo i legalne zatrudnienie. U nas mo\u017cesz liczy\u0107 na stabilne warunki i wsparcie na ka\u017cdym etapie. O nas Optima365 to nowoczesne biuro po\u015brednictwa pracy, kt\u00f3re \u0142\u0105czy zaanga\u017cowanie, do\u015bwiadczenie i elastyczno\u015b\u0107 w dzia\u0142aniu \u2013 przez 365 dni w&hellip;&nbsp;<a href=\"https:\/\/optima365.eu\/en\/customer-service-medewerker\/\" rel=\"bookmark\">Read More &raquo;<span class=\"screen-reader-text\">Mechanik samochod\u00f3w osobowych<\/span><\/a><\/p>","protected":false},"author":1,"featured_media":0,"parent":0,"menu_order":0,"comment_status":"closed","ping_status":"closed","template":"page-templates\/template-pagebuilder-full-width.php","meta":{"_acf_changed":false,"neve_meta_sidebar":"","neve_meta_container":"","neve_meta_enable_content_width":"","neve_meta_content_width":0,"neve_meta_title_alignment":"","neve_meta_author_avatar":"","neve_post_elements_order":"","neve_meta_disable_header":"","neve_meta_disable_footer":"","neve_meta_disable_title":"","footnotes":""},"class_list":["post-239","page","type-page","status-publish","hentry"],"acf":[],"_links":{"self":[{"href":"https:\/\/optima365.eu\/en\/wp-json\/wp\/v2\/pages\/239","targetHints":{"allow":["GET"]}}],"collection":[{"href":"https:\/\/optima365.eu\/en\/wp-json\/wp\/v2\/pages"}],"about":[{"href":"https:\/\/optima365.eu\/en\/wp-json\/wp\/v2\/types\/page"}],"author":[{"embeddable":true,"href":"https:\/\/optima365.eu\/en\/wp-json\/wp\/v2\/users\/1"}],"replies":[{"embeddable":true,"href":"https:\/\/optima365.eu\/en\/wp-json\/wp\/v2\/comments?post=239"}],"version-history":[{"count":31,"href":"https:\/\/optima365.eu\/en\/wp-json\/wp\/v2\/pages\/239\/revisions"}],"predecessor-version":[{"id":562,"href":"https:\/\/optima365.eu\/en\/wp-json\/wp\/v2\/pages\/239\/revisions\/562"}],"wp:attachment":[{"href":"https:\/\/optima365.eu\/en\/wp-json\/wp\/v2\/media?parent=239"}],"curies":[{"name":"wp","href":"https:\/\/api.w.org\/{rel}","templated":true}]}}