{"id":204,"date":"2025-05-13T11:28:12","date_gmt":"2025-05-13T11:28:12","guid":{"rendered":"https:\/\/optima365.eu\/?page_id=204"},"modified":"2025-05-17T10:20:29","modified_gmt":"2025-05-17T10:20:29","slug":"oferty","status":"publish","type":"page","link":"https:\/\/optima365.eu\/en\/oferty\/","title":{"rendered":"Offers"},"content":{"rendered":"<div data-elementor-type=\"wp-page\" data-elementor-id=\"204\" class=\"elementor elementor-204\">\n\t\t\t\t\t\t<section class=\"elementor-section elementor-top-section elementor-element elementor-element-26a07d6 elementor-section-height-min-height elementor-section-boxed elementor-section-height-default elementor-section-items-middle\" data-id=\"26a07d6\" data-element_type=\"section\" data-e-type=\"section\" data-settings=\"{&quot;background_background&quot;:&quot;classic&quot;}\">\n\t\t\t\t\t\t<div class=\"elementor-container elementor-column-gap-default\">\n\t\t\t\t\t<div class=\"elementor-column elementor-col-100 elementor-top-column elementor-element elementor-element-39ab830\" data-id=\"39ab830\" data-element_type=\"column\" data-e-type=\"column\">\n\t\t\t<div class=\"elementor-widget-wrap elementor-element-populated\">\n\t\t\t\t\t\t<div class=\"elementor-element elementor-element-95e94d1 elementor-widget elementor-widget-heading\" data-id=\"95e94d1\" data-element_type=\"widget\" data-e-type=\"widget\" data-widget_type=\"heading.default\">\n\t\t\t\t<div class=\"elementor-widget-container\">\n\t\t\t\t\t<h1 class=\"elementor-heading-title elementor-size-default\">Job offers<\/h1>\t\t\t\t<\/div>\n\t\t\t\t<\/div>\n\t\t\t\t<div class=\"elementor-element elementor-element-10c99bf elementor-widget elementor-widget-hfe-breadcrumbs-widget\" data-id=\"10c99bf\" data-element_type=\"widget\" data-e-type=\"widget\" data-widget_type=\"hfe-breadcrumbs-widget.default\">\n\t\t\t\t<div class=\"elementor-widget-container\">\n\t\t\t\t\t<nav aria-label=\"Breadcrumb\"><ul class=\"hfe-breadcrumbs hfe-breadcrumbs-show-home\"><li class=\"hfe-breadcrumbs-item hfe-breadcrumbs-first\"><span class=\"hfe-breadcrumbs-home-icon\"><i aria-hidden=\"true\" class=\"fas fa-home\"><\/i><\/span><a href=\"https:\/\/optima365.eu\/en\"><span class=\"hfe-breadcrumbs-text\">Home<\/span><\/a><\/li><\/ul><\/nav>\t\t\t\t<\/div>\n\t\t\t\t<\/div>\n\t\t\t\t\t<\/div>\n\t\t<\/div>\n\t\t\t\t\t<\/div>\n\t\t<\/section>\n\t\t\t\t<section class=\"elementor-section elementor-top-section elementor-element elementor-element-343aab8 elementor-section-boxed elementor-section-height-default elementor-section-height-default\" data-id=\"343aab8\" data-element_type=\"section\" data-e-type=\"section\" data-settings=\"{&quot;background_background&quot;:&quot;classic&quot;}\">\n\t\t\t\t\t\t<div class=\"elementor-container elementor-column-gap-default\">\n\t\t\t\t\t<div class=\"elementor-column elementor-col-100 elementor-top-column elementor-element elementor-element-3115dbc\" data-id=\"3115dbc\" data-element_type=\"column\" data-e-type=\"column\">\n\t\t\t<div class=\"elementor-widget-wrap elementor-element-populated\">\n\t\t\t\t\t\t<div class=\"elementor-element elementor-element-e049adc elementor-widget elementor-widget-heading\" data-id=\"e049adc\" data-element_type=\"widget\" data-e-type=\"widget\" data-widget_type=\"heading.default\">\n\t\t\t\t<div class=\"elementor-widget-container\">\n\t\t\t\t\t<h2 class=\"elementor-heading-title elementor-size-default\">Current job offers<\/h2>\t\t\t\t<\/div>\n\t\t\t\t<\/div>\n\t\t\t\t<div class=\"elementor-element elementor-element-75fd794 elementor-grid-eael-col-3 elementor-grid-tablet-eael-col-2 elementor-grid-mobile-eael-col-1 elementor-widget elementor-widget-eael-post-grid\" data-id=\"75fd794\" data-element_type=\"widget\" data-e-type=\"widget\" data-settings=\"{&quot;eael_post_grid_columns&quot;:&quot;eael-col-3&quot;,&quot;eael_post_grid_columns_tablet&quot;:&quot;eael-col-2&quot;,&quot;eael_post_grid_columns_mobile&quot;:&quot;eael-col-1&quot;}\" data-widget_type=\"eael-post-grid.default\">\n\t\t\t\t<div class=\"elementor-widget-container\">\n\t\t\t\t\t<div id=\"eael-post-grid-75fd794\" class=\"eael-post-grid-container\">\n            <div class=\"eael-post-grid eael-post-appender eael-post-appender-75fd794 eael-post-grid-style-one\" data-layout-mode=\"masonry\"><article class=\"eael-grid-post eael-post-grid-column\" data-id=\"579\">\n        <div class=\"eael-grid-post-holder\">\n            <div class=\"eael-grid-post-holder-inner\"><div class=\"eael-entry-wrapper\"><header class=\"eael-entry-header\"><h2 class=\"eael-entry-title\"><a\n                        class=\"eael-grid-post-link\"\n                        href=\"https:\/\/optima365.eu\/en\/kierowca-kat-c-ce-w-holandii-rozne-lokalizacje\/\"\n                        title=\"Kierowca kat. C\/CE w Holandii. R\u00f3\u017cne lokalizacje.\">Kierowca kat. C\/CE w Holandii. R\u00f3\u017cne lokalizacje.<\/a><\/h2><\/header>\n\t<div style=\"font-size:12px;color:#555;border-top:1px solid #eee;border-bottom:1px solid #eee !important;margin-bottom:10px;padding:10px 0px;\">\n\t\t<div style=\"display:block;float:left;width:40%;text-align:center;\">\n\t\t<i class=\"fa fa-map-marker\" style=\"color:#D5101C\"><\/i>&nbsp; Ca\u0142a Holandia  \n\t\t<\/div>\n\t\t<div style=\"display:block;float:left;width:30%;text-align:center;\">\n\t\t<i class=\"fa fa-home\" style=\"color:#D5101C\"><\/i> &nbsp;Yes \n\t\t<\/div>\n\t\t<div style=\"display:block;float:left;width:30%;text-align:center;\">\n\t\t<i class=\"fa fa-money\" style=\"color:#D5101C\"><\/i> &nbsp; \u20ac1000-1200e netto\/tyg.\n\t\t<\/div>\n\t\t<div style=\"clear:both;\"><\/div>\n\t<\/div>\n\t<div class=\"eael-entry-content\">\n                        <div class=\"eael-grid-post-excerpt\"><p>Szukamy kierowc\u00f3w kat. C lub CE do pracy w Holandii. Praca w dystrybucjach sklepowych\/gastronomicznych (Lidl, Albert Hijn, Sligro, Action). Du\u017ca ilo\u015bc godzin. Oferujemy: Holendersk\u0105<\/p><a href=\"https:\/\/optima365.eu\/en\/kierowca-kat-c-ce-w-holandii-rozne-lokalizacje\/\" class=\"eael-post-elements-readmore-btn\">Show offer<\/a><\/div>\n                    <\/div><\/div><\/div>\n        <\/div>\n    <\/article><article class=\"eael-grid-post eael-post-grid-column\" data-id=\"115\">\n        <div class=\"eael-grid-post-holder\">\n            <div class=\"eael-grid-post-holder-inner\"><div class=\"eael-entry-wrapper\"><header class=\"eael-entry-header\"><h2 class=\"eael-entry-title\"><a\n                        class=\"eael-grid-post-link\"\n                        href=\"https:\/\/optima365.eu\/en\/customer-service-medewerker-2\/\"\n                        title=\"Spawacz Mig\/Mag\">Spawacz Mig\/Mag<\/a><\/h2><\/header>\n\t<div style=\"font-size:12px;color:#555;border-top:1px solid #eee;border-bottom:1px solid #eee !important;margin-bottom:10px;padding:10px 0px;\">\n\t\t<div style=\"display:block;float:left;width:40%;text-align:center;\">\n\t\t<i class=\"fa fa-map-marker\" style=\"color:#D5101C\"><\/i>&nbsp; NL: R\u00f3\u017cne lokalizacje  \n\t\t<\/div>\n\t\t<div style=\"display:block;float:left;width:30%;text-align:center;\">\n\t\t<i class=\"fa fa-home\" style=\"color:#D5101C\"><\/i> &nbsp;Yes \n\t\t<\/div>\n\t\t<div style=\"display:block;float:left;width:30%;text-align:center;\">\n\t\t<i class=\"fa fa-money\" style=\"color:#D5101C\"><\/i> &nbsp; \u20ac2600-2700 netto\/msc\n\t\t<\/div>\n\t\t<div style=\"clear:both;\"><\/div>\n\t<\/div>\n\t<div class=\"eael-entry-content\">\n                        <div class=\"eael-grid-post-excerpt\"><p>Oferta pracy dla spawacza Mig\/Mag Ilo\u015b\u0107 wakat\u00f3w: 10 Praca 3 zmianowa od poniedzia\u0142ku do pi\u0105tku Wymagania: Wa\u017cny certifikat 135\/136\/138 Do\u015bwiadczenie minimum 2 lata Znajomo\u015b\u0107<\/p><a href=\"https:\/\/optima365.eu\/en\/customer-service-medewerker-2\/\" class=\"eael-post-elements-readmore-btn\">Show offer<\/a><\/div>\n                    <\/div><\/div><\/div>\n        <\/div>\n    <\/article><article class=\"eael-grid-post eael-post-grid-column\" data-id=\"116\">\n        <div class=\"eael-grid-post-holder\">\n            <div class=\"eael-grid-post-holder-inner\"><div class=\"eael-entry-wrapper\"><header class=\"eael-entry-header\"><h2 class=\"eael-entry-title\"><a\n                        class=\"eael-grid-post-link\"\n                        href=\"https:\/\/optima365.eu\/en\/customer-service-medewerker\/\"\n                        title=\"Mechanik samochod\u00f3w osobowych\">Mechanik samochod\u00f3w osobowych<\/a><\/h2><\/header>\n\t<div style=\"font-size:12px;color:#555;border-top:1px solid #eee;border-bottom:1px solid #eee !important;margin-bottom:10px;padding:10px 0px;\">\n\t\t<div style=\"display:block;float:left;width:40%;text-align:center;\">\n\t\t<i class=\"fa fa-map-marker\" style=\"color:#D5101C\"><\/i>&nbsp; Ca\u0142a Holandia  \n\t\t<\/div>\n\t\t<div style=\"display:block;float:left;width:30%;text-align:center;\">\n\t\t<i class=\"fa fa-home\" style=\"color:#D5101C\"><\/i> &nbsp;Yes \n\t\t<\/div>\n\t\t<div style=\"display:block;float:left;width:30%;text-align:center;\">\n\t\t<i class=\"fa fa-money\" style=\"color:#D5101C\"><\/i> &nbsp; \u20ac600-700 netto tygodniowo\n\t\t<\/div>\n\t\t<div style=\"clear:both;\"><\/div>\n\t<\/div>\n\t<div class=\"eael-entry-content\">\n                        <div class=\"eael-grid-post-excerpt\"><p>Praca w Holandii lub w Niemczech dla mechanik\u00f3w samochodowych z do\u015bwiadczeniem Wymagania: Do\u015bwiadczenie min. 4 lata Conajmniej komunikatywna znajomo\u015b\u0107 j\u0119zyka angielskiego, niemieckiego lub holenderskiego<\/p><a href=\"https:\/\/optima365.eu\/en\/customer-service-medewerker\/\" class=\"eael-post-elements-readmore-btn\">Show offer<\/a><\/div>\n                    <\/div><\/div><\/div>\n        <\/div>\n    <\/article><\/div>\n            <div class=\"clearfix\"><\/div>\n        <\/div>\t\t\t\t<\/div>\n\t\t\t\t<\/div>\n\t\t\t\t\t<\/div>\n\t\t<\/div>\n\t\t\t\t\t<\/div>\n\t\t<\/section>\n\t\t\t\t<section class=\"elementor-section elementor-top-section elementor-element elementor-element-e4d4a8d elementor-section-boxed elementor-section-height-default elementor-section-height-default\" data-id=\"e4d4a8d\" data-element_type=\"section\" data-e-type=\"section\" data-settings=\"{&quot;background_background&quot;:&quot;classic&quot;}\">\n\t\t\t\t\t\t\t<div class=\"elementor-background-overlay\"><\/div>\n\t\t\t\t\t\t\t<div class=\"elementor-container elementor-column-gap-default\">\n\t\t\t\t\t<div class=\"elementor-column elementor-col-100 elementor-top-column elementor-element elementor-element-daa7192\" data-id=\"daa7192\" data-element_type=\"column\" data-e-type=\"column\">\n\t\t\t<div class=\"elementor-widget-wrap elementor-element-populated\">\n\t\t\t\t\t\t<div class=\"elementor-element elementor-element-93e8315 elementor-widget elementor-widget-heading\" data-id=\"93e8315\" data-element_type=\"widget\" data-e-type=\"widget\" data-widget_type=\"heading.default\">\n\t\t\t\t<div class=\"elementor-widget-container\">\n\t\t\t\t\t<h3 class=\"elementor-heading-title elementor-size-default\">Apply without choosing an offer<\/h3>\t\t\t\t<\/div>\n\t\t\t\t<\/div>\n\t\t\t\t<div class=\"elementor-element elementor-element-9d2ff5a elementor-widget elementor-widget-heading\" data-id=\"9d2ff5a\" data-element_type=\"widget\" data-e-type=\"widget\" data-widget_type=\"heading.default\">\n\t\t\t\t<div class=\"elementor-widget-container\">\n\t\t\t\t\t<h2 class=\"elementor-heading-title elementor-size-default\">Our consultant will help you choose the best offer tailored to you<\/h2>\t\t\t\t<\/div>\n\t\t\t\t<\/div>\n\t\t\t\t<div class=\"elementor-element elementor-element-1fccf62 elementor-align-center elementor-widget elementor-widget-button\" data-id=\"1fccf62\" data-element_type=\"widget\" data-e-type=\"widget\" data-widget_type=\"button.default\">\n\t\t\t\t<div class=\"elementor-widget-container\">\n\t\t\t\t\t\t\t\t\t<div class=\"elementor-button-wrapper\">\n\t\t\t\t\t<a class=\"elementor-button elementor-button-link elementor-size-sm\" href=\"https:\/\/optima365.eu\/en\/aplikuj\/\">\n\t\t\t\t\t\t<span class=\"elementor-button-content-wrapper\">\n\t\t\t\t\t\t<span class=\"elementor-button-icon\">\n\t\t\t\t<i aria-hidden=\"true\" class=\"fas fa-angle-right\"><\/i>\t\t\t<\/span>\n\t\t\t\t\t\t\t\t\t<span class=\"elementor-button-text\">Apply<\/span>\n\t\t\t\t\t<\/span>\n\t\t\t\t\t<\/a>\n\t\t\t\t<\/div>\n\t\t\t\t\t\t\t\t<\/div>\n\t\t\t\t<\/div>\n\t\t\t\t\t<\/div>\n\t\t<\/div>\n\t\t\t\t\t<\/div>\n\t\t<\/section>\n\t\t\t\t<\/div>","protected":false},"excerpt":{"rendered":"<p>Oferty pracy Home Aktualne oferty pracy Customer service medewerker &nbsp; NL: Eindhoven &nbsp;Yes &nbsp; \u20ac19.77 Lorem ipsum dolor sit amet, consectetur adipiscing elit, sed do eiusmod tempor incididunt ut labore et dolore magna aliqua. Ut enim ad minim veniam, Pok\u0105z ofert\u0119 Leerling timmerman\/CNC operator &nbsp; NL: Amsterdam &nbsp;No &nbsp; \u20ac20 Lorem ipsum dolor sit amet,&hellip;&nbsp;<a href=\"https:\/\/optima365.eu\/en\/customer-service-medewerker\/\" rel=\"bookmark\">Read More &raquo;<span class=\"screen-reader-text\">Mechanik samochod\u00f3w osobowych<\/span><\/a><\/p>","protected":false},"author":1,"featured_media":0,"parent":0,"menu_order":0,"comment_status":"closed","ping_status":"closed","template":"page-templates\/template-pagebuilder-full-width.php","meta":{"_acf_changed":false,"neve_meta_sidebar":"","neve_meta_container":"","neve_meta_enable_content_width":"","neve_meta_content_width":0,"neve_meta_title_alignment":"","neve_meta_author_avatar":"","neve_post_elements_order":"","neve_meta_disable_header":"","neve_meta_disable_footer":"","neve_meta_disable_title":"","footnotes":""},"class_list":["post-204","page","type-page","status-publish","hentry"],"acf":[],"_links":{"self":[{"href":"https:\/\/optima365.eu\/en\/wp-json\/wp\/v2\/pages\/204","targetHints":{"allow":["GET"]}}],"collection":[{"href":"https:\/\/optima365.eu\/en\/wp-json\/wp\/v2\/pages"}],"about":[{"href":"https:\/\/optima365.eu\/en\/wp-json\/wp\/v2\/types\/page"}],"author":[{"embeddable":true,"href":"https:\/\/optima365.eu\/en\/wp-json\/wp\/v2\/users\/1"}],"replies":[{"embeddable":true,"href":"https:\/\/optima365.eu\/en\/wp-json\/wp\/v2\/comments?post=204"}],"version-history":[{"count":34,"href":"https:\/\/optima365.eu\/en\/wp-json\/wp\/v2\/pages\/204\/revisions"}],"predecessor-version":[{"id":375,"href":"https:\/\/optima365.eu\/en\/wp-json\/wp\/v2\/pages\/204\/revisions\/375"}],"wp:attachment":[{"href":"https:\/\/optima365.eu\/en\/wp-json\/wp\/v2\/media?parent=204"}],"curies":[{"name":"wp","href":"https:\/\/api.w.org\/{rel}","templated":true}]}}